 










{"id":69,"date":"2024-01-19T12:08:10","date_gmt":"2024-01-19T12:08:10","guid":{"rendered":"https:\/\/www.ozguryazilim.com.tr\/?page_id=69"},"modified":"2024-04-03T05:34:36","modified_gmt":"2024-04-03T05:34:36","slug":"konteyner-altyapisi-kurulmasi","status":"publish","type":"page","link":"https:\/\/www.ozguryazilim.com.tr\/en\/hizmetlerimiz\/konteyner-altyapisi-kurulmasi\/","title":{"rendered":"Container Infrastructure"},"content":{"rendered":"<div class=\"oy_header_overlay background_oy_pattern_gradient_light padding-top-4\"><div class=\"grid-container padding-vertical-3 margin-top-5 xxlarge-margin-top-8\"><div class=\"grid-x position-relative xxlarge-padding-top-3\">\r\n<h1 class=\"text_oy_blue font-bold h1 margin-bottom-2\">Establishment of Container Infrastructure<\/h1>\r\n<p>Today, almost every organization has either started using container systems or is considering their adoption. Similar to the evolution we experienced years ago by virtualizing physical (bare metal) servers, a comparable transformation is now happening with containers.<\/p>\r\n<p>As \u00d6zg\u00fcr Yaz\u0131l\u0131m A.\u015e., we establish Kubernetes container management infrastructures that enable the automatic creation, updating, management, and scaling of your containers. These infrastructures are designed to seamlessly integrate with your application development and operational processes. We can set up these infrastructures in your organization&#8217;s on-premise server environment as well as in a cloud operator. Depending on your organization&#8217;s needs, we can provide different Kubernetes solutions such as Rancher, Openshift, AKS, EKS, GKE.<\/p>\r\n\r\n<\/div><\/div>\n<div class=\"grid-container full position-absolute display-block padding-top-0 width-100 oy_index_down background_oy_pattern_gradient_light \">\n    <div class=\"grid-x\">\n        <svg class=\"display-block\" id=\"Layer_2\" data-name=\"Layer 2\" version=\"1.1\" viewBox=\"0 0 1910 142.61\" style=\"margin-bottom:-1px\" xmlns=\"http:\/\/www.w3.org\/2000\/svg\"><g id=\"Layer_1-2\" fill=\"#fff\" data-name=\"Layer 1\"><path id=\"path6\" d=\"M1910 136.03v6.58H0V56.15C421.22-89.4 1614 88.52 1910 136.03z\" fill=\"#fff\"\/><\/g><\/svg> \n    <\/div>\n<\/div>\n<\/div>\r\n\r\n<div class=\"grid-container\"><div class=\"grid-x padding-horizontal-3 padding-vertical-2 background_oy_black_opaque oy_rounded\">\r\n\r\n\r\n<div class=\"cell auto margin-top-2\">\r\n<h2 class=\"oy_title_seperator h4 font-bold oy_content_title margin-bottom-1 width-100 margin-top-1 text_oy_blue\">Advantages of Container Infrastructure:<\/h2>\r\n<ul class=\"vertical menu icons icons-left text-left\"><li class=\"padding-bottom-1\"><i class=\"fa-solid fa-check oy_bigger_font_size text_oy_blue\"><\/i> <span>  Reduction in maintenance and licensing costs of virtual machine operating systems\r<\/span><\/li><li class=\"padding-bottom-1\"><i class=\"fa-solid fa-check oy_bigger_font_size text_oy_blue\"><\/i> <span>    Reduction in hardware costs\r<\/span><\/li><li class=\"padding-bottom-1\"><i class=\"fa-solid fa-check oy_bigger_font_size text_oy_blue\"><\/i> <span>    Better support for microservices architecture\r<\/span><\/li><li class=\"padding-bottom-1\"><i class=\"fa-solid fa-check oy_bigger_font_size text_oy_blue\"><\/i> <span>    Different users with various roles can manage through a web interface with different permissions\r<\/span><\/li><li class=\"padding-bottom-1\"><i class=\"fa-solid fa-check oy_bigger_font_size text_oy_blue\"><\/i> <span>    Easier updating of applications\r<\/span><\/li><li class=\"padding-bottom-1\"><i class=\"fa-solid fa-check oy_bigger_font_size text_oy_blue\"><\/i> <span>    Easier scalability of the system\r<\/span><\/li><li class=\"padding-bottom-1\"><i class=\"fa-solid fa-check oy_bigger_font_size text_oy_blue\"><\/i> <span>    Increased high availability (HA) of the system\r<\/span><\/li><li class=\"padding-bottom-1\"><i class=\"fa-solid fa-check oy_bigger_font_size text_oy_blue\"><\/i> <span>    Tightened security with the immutable structure of containers\r<\/span><\/li><li class=\"padding-bottom-1\"><i class=\"fa-solid fa-check oy_bigger_font_size text_oy_blue\"><\/i> <span>    Automation of container creation processes (CI\/CD) accelerates in-house software development processes\r<\/span><\/li><li class=\"padding-bottom-1\"><i class=\"fa-solid fa-check oy_bigger_font_size text_oy_blue\"><\/i> <span>    Speeds up and makes software testing processes more efficient by creating separate containers for each code change\r<\/span><\/li><li class=\"padding-bottom-1\"><i class=\"fa-solid fa-check oy_bigger_font_size text_oy_blue\"><\/i> <span>    Facilitates the creation of A\/B tests\r<\/span><\/li><li class=\"padding-bottom-1\"><i class=\"fa-solid fa-check oy_bigger_font_size text_oy_blue\"><\/i> <span>    Savings in human resources through the automation of repetitive tasks\r<\/span><\/li><li class=\"padding-bottom-1\"><i class=\"fa-solid fa-check oy_bigger_font_size text_oy_blue\"><\/i> <span>    Easier debugging with the separation of each application component into separate containers\r<\/span><\/li><\/ul>\r\n\r\n<\/div>\r\n\r\n<\/div><\/div>","protected":false},"excerpt":{"rendered":"","protected":false},"author":1,"featured_media":0,"parent":67,"menu_order":0,"comment_status":"closed","ping_status":"closed","template":"","meta":{"footnotes":""},"_links":{"self":[{"href":"https:\/\/www.ozguryazilim.com.tr\/en\/wp-json\/wp\/v2\/pages\/69"}],"collection":[{"href":"https:\/\/www.ozguryazilim.com.tr\/en\/wp-json\/wp\/v2\/pages"}],"about":[{"href":"https:\/\/www.ozguryazilim.com.tr\/en\/wp-json\/wp\/v2\/types\/page"}],"author":[{"embeddable":true,"href":"https:\/\/www.ozguryazilim.com.tr\/en\/wp-json\/wp\/v2\/users\/1"}],"replies":[{"embeddable":true,"href":"https:\/\/www.ozguryazilim.com.tr\/en\/wp-json\/wp\/v2\/comments?post=69"}],"version-history":[{"count":39,"href":"https:\/\/www.ozguryazilim.com.tr\/en\/wp-json\/wp\/v2\/pages\/69\/revisions"}],"predecessor-version":[{"id":2408,"href":"https:\/\/www.ozguryazilim.com.tr\/en\/wp-json\/wp\/v2\/pages\/69\/revisions\/2408"}],"up":[{"embeddable":true,"href":"https:\/\/www.ozguryazilim.com.tr\/en\/wp-json\/wp\/v2\/pages\/67"}],"wp:attachment":[{"href":"https:\/\/www.ozguryazilim.com.tr\/en\/wp-json\/wp\/v2\/media?parent=69"}],"curies":[{"name":"wp","href":"https:\/\/api.w.org\/{rel}","templated":true}]}}