 










{"id":53,"date":"2024-01-19T12:05:41","date_gmt":"2024-01-19T12:05:41","guid":{"rendered":"https:\/\/www.ozguryazilim.com.tr\/?page_id=53"},"modified":"2024-03-12T04:57:56","modified_gmt":"2024-03-12T04:57:56","slug":"yonetim","status":"publish","type":"page","link":"https:\/\/www.ozguryazilim.com.tr\/en\/yonetim\/","title":{"rendered":"Management"},"content":{"rendered":"<div class=\"grid-container\"><div class=\"grid-x padding-horizontal-3 padding-vertical-2 background_oy_black_opaque oy_rounded\">\r\n\r\n<div class=\"cell auto small-12 medium-shrink margin-right-2 margin-top-3 text-center\">\r\n<img decoding=\"async\" class=\"border_oy_blue oy_rounded\" src=\"https:\/\/www.ozguryazilim.com.tr\/wp-content\/uploads\/2024\/02\/1515621259860.jpeg\">\r\n<\/div>\r\n\r\n<div class=\"cell auto small-12 medium-auto margin-top-0 small-margin-top-2\">\r\n<h1 class=\"font-bold text_oy_blue margin-top-1 h4\">Erek G\u00f6kt\u00fcrk &#8211; Executive Board Member, Founder<\/h1>\r\n<p class=\"oy_smaller_font_size\">Erek G\u00f6kt\u00fcrk is one of the founders of Ozgur Yazilim Inc. Before Ozgur Yazilim, Erek had worked in academic institutions and had taken part in various projects during 7 years, followed by the foundation of Identra Inc. in which he exported software development services through San Francisco Bay Area more than five years. Among his projects, the most important one was a training and analysis simulation developed within the structure of METU-TAF Modeling and Simulation Center (ModSimMer) and used for many years by the Turkish Armed Forces. Since the day he received his bachelor\u2019s degree, he has delivered and supported many lectures in various universities, one of which still takes place occasionally at Bogazici University, Department of Computer Engineering.<\/p>\r\n<p class=\"oy_smaller_font_size\">Being familiar with Linux and free software way back nearly twenty years, Erek holds his bachelor\u2019s and master\u2019s degree from METU Computer Engineering and his computer science Ph.D from the University of Oslo. <\/p>\r\n<\/div>\r\n\r\n<\/div><\/div>\r\n\r\n<div class=\"grid-container margin-top-2\"><div class=\"grid-x padding-horizontal-3 padding-vertical-2 background_oy_black_opaque oy_rounded\">\r\n\r\n<div class=\"cell auto small-12 medium-shrink margin-right-2 margin-top-3 text-center\">\r\n<img decoding=\"async\" class=\"border_oy_blue oy_rounded\" src=\"https:\/\/www.ozguryazilim.com.tr\/wp-content\/uploads\/2024\/02\/1516626756364.jpeg\">\r\n<\/div>\r\n\r\n<div class=\"cell auto small-12 medium-auto margin-top-0 small-margin-top-2 \">\r\n<h1 class=\"font-bold text_oy_blue margin-top-1 h4\">Hakan Uygun &#8211;  Chief Technology Officer, Founder<\/h1>\r\n<p class=\"oy_smaller_font_size\">As one of the founders of Ozgur Yazilim Inc., Hakan Uygun leads the consultancy services with his experience in IT sector dates back over twenty years ago. He is also in charge of resolving the technical problems encountered in software development services.<\/p>\r\n<p class=\"oy_smaller_font_size\">Before the foundation of Ozgur Yazilim Inc., Hakan had founded and managed the Uygun Technology Inc. over four years. Within this period, he performed as a consultant and developer in various software projects of public institutions such as EMRA (Energy Market Regulatory) and Undersecretariat of Foreign Trade as well as the companies such as TAV, Anadolu Sigorta, Turkcell, Vestel Savunma, Ko\u00e7Sistem and Biletix.<\/p>\r\n<p class=\"oy_smaller_font_size\">Involved in many non-governmental organizations and voluntary actions for all of his professional life, Hakan performed as the chairman of the executive board of Turkish Linux Users Association (LKD) between 2010-2012. In this regard, he is recognized and followed countrywide by the free software community. <\/p>\r\n<\/div>\r\n\r\n<\/div><\/div>\r\n\r\n\r\n\r\n<div class=\"grid-container margin-top-2\"><div class=\"grid-x padding-horizontal-3 padding-vertical-2 background_oy_black_opaque oy_rounded\">\r\n\r\n<div class=\"cell auto small-12 medium-shrink margin-right-2 margin-top-3 text-center\">\r\n<img decoding=\"async\" class=\"border_oy_blue oy_rounded\" src=\"https:\/\/www.ozguryazilim.com.tr\/wp-content\/uploads\/2024\/02\/doruk_fisek.png\">\r\n<\/div>\r\n\r\n<div class=\"cell auto small-12 medium-auto margin-top-0 small-margin-top-2 \">\r\n<h1 class=\"font-bold text_oy_blue margin-top-1 h4\">Doruk Fi\u015fek &#8211;  Chief Operating Officer, Founder<\/h1>\r\n<p class=\"oy_smaller_font_size\">Doruk Fi\u015fek is one of the founders of Ozgur Yazilim Inc., currently managing operations within the corporation.<\/p>\r\n<p class=\"oy_smaller_font_size\">Doruk has over fifteen years of experience within IT sector most of which consists of setting up Linux and other free\/open source software systems, as well as their management and training process. Before founding Ozgur Yazilim Inc., Doruk took part in many projects and provided service to several public and private enterprises as the director of Fi\u015fek Institute IT Services for twelve years. Before that period, he had worked as a system administrator at Turkish Standards Institution and Piyon. <\/p>\r\n<p class=\"oy_smaller_font_size\">Including the role of executive director within Turkish Linux Users Association (LKD), he took the lead of many voluntary actions about free software movement which brought him a distinguished place among the free software community across the nation. He also contributed to Pardus in 2000s, which is one of the important free software projects in Turkey.<\/p>\r\n<\/div>\r\n\r\n<\/div><\/div>\r\n\r\n\r\n<div class=\"grid-container margin-top-2\"><div class=\"grid-x padding-horizontal-3 padding-vertical-2 background_oy_black_opaque oy_rounded\">\r\n<div class=\"cell auto small-12 medium-shrink margin-right-2 margin-top-3 text-center\">\r\n<img decoding=\"async\" class=\"border_oy_blue oy_rounded\" src=\"https:\/\/www.ozguryazilim.com.tr\/wp-content\/uploads\/2024\/02\/burcin-batur.png\">\r\n<\/div>\r\n<div class=\"cell auto small-12 medium-auto margin-top-0 small-margin-top-2 \">\r\n<h1 class=\"font-bold text_oy_blue margin-top-1 h4\">Bur\u00e7in Batur &#8211; CEO<\/h1>\r\n<p class=\"oy_smaller_font_size\">Bur\u00e7in Batur, stands as the chief executive officer of Ozgur Yazilim Inc.<\/p>\r\n<p class=\"oy_smaller_font_size\">After having graduated from Ankara Science High School, she completed Istanbul University Faculty of Economics (English), followed by a master\u2019s degree in Istanbul Commerce University on International Trade. She\u2019s a PhD candidate on financial economics.<\/p>\r\n<p class=\"oy_smaller_font_size\">Served as a senior executive in several companies such as TEB, UniCredit Ko\u00e7 Factoring, Yap\u0131 Kredi, HSBC and Finans Factoring, Bur\u00e7in has various areas of expertise as follows: entrepreneurship, factoring, strategic planning, international trade and SMEs. <\/p>\r\n<\/div>\r\n<\/div><\/div>\r\n\r\n\r\n\r\n<div class=\"grid-container margin-top-2\"><div class=\"grid-x padding-horizontal-3 padding-vertical-2 background_oy_black_opaque oy_rounded\">\r\n\r\n<div class=\"cell auto small-12 medium-shrink margin-right-2 margin-top-3 text-center\">\r\n<img decoding=\"async\" class=\"border_oy_blue oy_rounded\" src=\"https:\/\/www.ozguryazilim.com.tr\/wp-content\/uploads\/2024\/02\/onur-kucuk.png\">\r\n<\/div>\r\n<div class=\"cell auto \">\r\n<h1 class=\"font-bold text_oy_blue margin-top-1 h4\">Onur K\u00fc\u00e7\u00fck &#8211;  System Architect<\/h1>\r\n<p class=\"oy_smaller_font_size\"> As the system architect of Ozgur Yazilim Inc., Onur K\u00fc\u00e7\u00fck determines the operated and installed systems besides designating the technology to be used.<\/p>\r\n<p class=\"oy_smaller_font_size\">Before his engagement with Ozgur Yazilim Inc., he was an expert researcher at Tubitak giving consultancy on Linux\/UNIX systems besides many other roles such as the assistant project management of Pardus project and the security response team leadership. Onur is one of the key contributors to Pardus project\u2019s core technology development, not to mention his code patches accepted in several free software packages. <\/p>\r\n<p class=\"oy_smaller_font_size\">In line with his executive board membership of Turkish Linux Users Association (LKD) between the years 2008 and 2010, he conducted many seminars on free software related subjects. <\/p>\r\n<\/div>\r\n\r\n<\/div><\/div>","protected":false},"excerpt":{"rendered":"","protected":false},"author":1,"featured_media":0,"parent":0,"menu_order":0,"comment_status":"closed","ping_status":"closed","template":"","meta":{"footnotes":""},"_links":{"self":[{"href":"https:\/\/www.ozguryazilim.com.tr\/en\/wp-json\/wp\/v2\/pages\/53"}],"collection":[{"href":"https:\/\/www.ozguryazilim.com.tr\/en\/wp-json\/wp\/v2\/pages"}],"about":[{"href":"https:\/\/www.ozguryazilim.com.tr\/en\/wp-json\/wp\/v2\/types\/page"}],"author":[{"embeddable":true,"href":"https:\/\/www.ozguryazilim.com.tr\/en\/wp-json\/wp\/v2\/users\/1"}],"replies":[{"embeddable":true,"href":"https:\/\/www.ozguryazilim.com.tr\/en\/wp-json\/wp\/v2\/comments?post=53"}],"version-history":[{"count":84,"href":"https:\/\/www.ozguryazilim.com.tr\/en\/wp-json\/wp\/v2\/pages\/53\/revisions"}],"predecessor-version":[{"id":2399,"href":"https:\/\/www.ozguryazilim.com.tr\/en\/wp-json\/wp\/v2\/pages\/53\/revisions\/2399"}],"wp:attachment":[{"href":"https:\/\/www.ozguryazilim.com.tr\/en\/wp-json\/wp\/v2\/media?parent=53"}],"curies":[{"name":"wp","href":"https:\/\/api.w.org\/{rel}","templated":true}]}}