 










{"id":2676,"date":"2024-11-14T09:42:25","date_gmt":"2024-11-14T09:42:25","guid":{"rendered":"https:\/\/www.ozguryazilim.com.tr\/?page_id=2676"},"modified":"2024-11-14T10:45:39","modified_gmt":"2024-11-14T10:45:39","slug":"sosyal-sorumluluk","status":"publish","type":"page","link":"https:\/\/www.ozguryazilim.com.tr\/en\/sosyal-sorumluluk\/","title":{"rendered":"Social Responsibility"},"content":{"rendered":"<div class=\"oy_header_overlay background_oy_pattern_gradient_light padding-top-4\"><div class=\"grid-container padding-vertical-3 margin-top-5 xxlarge-margin-top-8\"><div class=\"grid-x position-relative xxlarge-padding-top-0\"><div class=\"cell auto\">\r\n<h1 class=\"text_oy_blue font-bold h1 margin-bottom-2\">Social Responsibility<\/h1><\/br>\r\n<\/div><\/div><\/div>\n<div class=\"grid-container full position-absolute display-block padding-top-0 width-100 oy_index_down background_oy_pattern_gradient_light \">\n    <div class=\"grid-x\">\n        <svg class=\"display-block\" id=\"Layer_2\" data-name=\"Layer 2\" version=\"1.1\" viewBox=\"0 0 1910 142.61\" style=\"margin-bottom:-1px\" xmlns=\"http:\/\/www.w3.org\/2000\/svg\"><g id=\"Layer_1-2\" fill=\"#fff\" data-name=\"Layer 1\"><path id=\"path6\" d=\"M1910 136.03v6.58H0V56.15C421.22-89.4 1614 88.52 1910 136.03z\" fill=\"#fff\"\/><\/g><\/svg> \n    <\/div>\n<\/div>\n<\/div>\r\n<div class=\"grid-container background_oy_black_opaque oy_rounded padding-horizontal-3 padding-vertical-2\"><div class=\"grid-x  grid-padding-x\">\r\n<div class=\"grid-container\"><div class=\"grid-x \"><\/div><\/div>\r\n\r\n<h2 class=\"oy_title_seperator h4 font-bold oy_content_title margin-bottom-1 width-100 margin-top-1 text_oy_blue\">Internship Program<\/h2>\r\n\r\n\r\n<p>At \u00d6zg\u00fcr Yaz\u0131l\u0131m A.\u015e., we have been welcoming interns from all over Turkey, every day of the year, since 2012.<\/p>\r\n\r\n<p>We take a meticulous approach to the internship process, beginning from the application and interview stages, ensuring interns gain an experience that closely mirrors real work life. As part of their university education, interns temporarily join our work environment and participate in real-life projects, giving them the experience of working within a team. They see that the tasks they perform are not merely assignments but are parts of a product that benefits other people in the real world.<\/p>\r\n\r\n<p>To date, more than 300 interns from over 50 different universities have participated in this program, which also allows us to meet future colleagues with whom we may work at \u00d6zg\u00fcr Yaz\u0131l\u0131m A.\u015e. In fact, 70% of our current team members are former interns who joined us during their studies.<\/p>\r\n\r\n<p>You can read testimonials from some of our former interns: <a class=\"display-inline text_oy_blue padding-0 font-bold\"  href=\"https:\/\/www.ozguryazilim.com.tr\/tr\/ozgur-yazilim-a-s-de-staj-yapanlar-ne-dusunuyor\/\">Intern Testimonials<\/a><\/p>\r\n\r\n\r\n<h2 class=\"oy_title_seperator h4 font-bold oy_content_title margin-bottom-1 width-100 margin-top-1 text_oy_blue\">Talks<\/h2>\r\n\r\n<p>We encourage team members at \u00d6zg\u00fcr Yaz\u0131l\u0131m A.\u015e. to participate as speakers in major national conferences and events organized by university communities, sharing their technical knowledge and expertise.<\/p>\r\n\r\n<p>For the numerous events we&#8217;ve attended so far, we make an effort to publish presentation files and, if available, videos of our talks on our community website and the company\u2019s YouTube channel.<\/p>\r\n\r\n\r\n<h2 class=\"oy_title_seperator h4 font-bold oy_content_title margin-bottom-1 width-100 margin-top-1 text_oy_blue\">Training<\/h2>\r\n<p>Each year, we not only provide financial support for the Mustafa Akg\u00fcl Free Software Summer and Winter Camps, but we also actively support our team members at \u00d6zg\u00fcr Yaz\u0131l\u0131m A.\u015e. in personally engaging with their peers to provide direct training.<\/p>\r\n\r\n<p>With training sessions lasting from 4 to 15 days, we offer education on various topics, including GNU\/Linux, Graylog, Zabbix, MongoDB, Redis, ElasticSearch, Kubernetes, SDLC processes, and more.<\/p>\r\n\r\n<p>To date, more than 300 interns from over 50 different universities have taken part in this program, allowing us to connect with future colleagues who may join \u00d6zg\u00fcr Yaz\u0131l\u0131m A.\u015e. In fact, 70% of our current team consists of individuals who previously interned with us during their studies.<\/p>\r\n\r\n<h2 class=\"oy_title_seperator h4 font-bold oy_content_title margin-bottom-1 width-100 margin-top-1 text_oy_blue\">Free and Open Source Software Development<\/h2>\r\n<p>We don\u2019t just use free and open-source software; we also develop our own software openly and make it accessible to everyone.<\/p>\r\n\r\n<p>On our organization pages on GitHub and GitLab, anyone can view our software projects and source code repositories. This allows not only the \u201cfinal product\u201d to be examined but also the development process itself, including code evolution and changes made along the way. To date, we have released dozens of software projects, both large and small.<\/p>\r\n\r\n<p>The applications we release under free licenses are available for everyone to use, just like any other free and open-source software.<\/p>\r\n\r\n\r\n<h2 class=\"oy_title_seperator h4 font-bold oy_content_title margin-bottom-1 width-100 margin-top-1 text_oy_blue\">Sponsorship<\/h2>\r\n<p>As \u00d6zg\u00fcr Yaz\u0131l\u0131m A.\u015e., we provide financial support to long-standing nationwide events focused on free and open-source software.<\/p>\r\n\r\n<p>We are proud to sponsor the Mustafa Akg\u00fcl Free Software Camps, which have been held annually for over 10 years. In the past, we also sponsored events such as the Free Software and Linux Days, Free Web Technologies Days, and similar gatherings.<\/p>\r\n\r\n\r\n<\/div><\/div>","protected":false},"excerpt":{"rendered":"","protected":false},"author":1,"featured_media":0,"parent":0,"menu_order":0,"comment_status":"closed","ping_status":"closed","template":"","meta":{"footnotes":""},"_links":{"self":[{"href":"https:\/\/www.ozguryazilim.com.tr\/en\/wp-json\/wp\/v2\/pages\/2676"}],"collection":[{"href":"https:\/\/www.ozguryazilim.com.tr\/en\/wp-json\/wp\/v2\/pages"}],"about":[{"href":"https:\/\/www.ozguryazilim.com.tr\/en\/wp-json\/wp\/v2\/types\/page"}],"author":[{"embeddable":true,"href":"https:\/\/www.ozguryazilim.com.tr\/en\/wp-json\/wp\/v2\/users\/1"}],"replies":[{"embeddable":true,"href":"https:\/\/www.ozguryazilim.com.tr\/en\/wp-json\/wp\/v2\/comments?post=2676"}],"version-history":[{"count":5,"href":"https:\/\/www.ozguryazilim.com.tr\/en\/wp-json\/wp\/v2\/pages\/2676\/revisions"}],"predecessor-version":[{"id":2682,"href":"https:\/\/www.ozguryazilim.com.tr\/en\/wp-json\/wp\/v2\/pages\/2676\/revisions\/2682"}],"wp:attachment":[{"href":"https:\/\/www.ozguryazilim.com.tr\/en\/wp-json\/wp\/v2\/media?parent=2676"}],"curies":[{"name":"wp","href":"https:\/\/api.w.org\/{rel}","templated":true}]}}