 










{"id":2511,"date":"2024-06-14T09:22:37","date_gmt":"2024-06-14T09:22:37","guid":{"rendered":"https:\/\/www.ozguryazilim.com.tr\/?page_id=2511"},"modified":"2024-06-14T09:28:00","modified_gmt":"2024-06-14T09:28:00","slug":"devopssistem-yonetimi-hizmeti","status":"publish","type":"page","link":"https:\/\/www.ozguryazilim.com.tr\/en\/hizmetlerimiz\/devopssistem-yonetimi-hizmeti\/","title":{"rendered":"DevOps &#038; System Management Service"},"content":{"rendered":"<div class=\"oy_header_overlay background_oy_pattern_gradient_light padding-top-4\"><div class=\"grid-container padding-vertical-3 margin-top-5 xxlarge-margin-top-8\"><div class=\"grid-x position-relative xxlarge-padding-top-3\">\r\n<h1 class=\"text_oy_blue font-bold h1 margin-bottom-2\">DevOps &#038; System Management Service<\/h1>\r\n<p>Today, almost every software that needs to be operated in the infrastructure of institutions comes with the requirement of multiple middleware products and\/or database services.<\/p>\r\n<p>With the diversification of software, the efficient operation of these services has become a challenging task for the IT personnel of the institution.<\/p>\r\n\r\n<\/div><\/div>\n<div class=\"grid-container full position-absolute display-block padding-top-0 width-100 oy_index_down background_oy_pattern_gradient_light \">\n    <div class=\"grid-x\">\n        <svg class=\"display-block\" id=\"Layer_2\" data-name=\"Layer 2\" version=\"1.1\" viewBox=\"0 0 1910 142.61\" style=\"margin-bottom:-1px\" xmlns=\"http:\/\/www.w3.org\/2000\/svg\"><g id=\"Layer_1-2\" fill=\"#fff\" data-name=\"Layer 1\"><path id=\"path6\" d=\"M1910 136.03v6.58H0V56.15C421.22-89.4 1614 88.52 1910 136.03z\" fill=\"#fff\"\/><\/g><\/svg> \n    <\/div>\n<\/div>\n<\/div>\r\n<div class=\"grid-container background_oy_black_opaque oy_rounded padding-horizontal-3 padding-vertical-2\"><div class=\"grid-x  grid-padding-x\">\r\n\r\n<h2 class=\"oy_title_seperator h4 font-bold oy_content_title margin-bottom-1 width-100 margin-top-1 text_oy_blue\">As \u00d6zg\u00fcr Yaz\u0131l\u0131m Inc, we provide services for the<\/h2>\r\n<div class=\"grid-x grid-padding-x\"><div class=\"cell small-12 large-auto\"><ul class=\"vertical menu icons icons-left text-left\"><li class=\"padding-bottom-1\"><i class=\"fa-solid fa-check oy_bigger_font_size text_oy_blue\"><\/i> <span> Management\r<\/span><\/li><li class=\"padding-bottom-1\"><i class=\"fa-solid fa-check oy_bigger_font_size text_oy_blue\"><\/i> <span>     Scaling (High Availability \u2013 HA)\r<\/span><\/li><li class=\"padding-bottom-1\"><i class=\"fa-solid fa-check oy_bigger_font_size text_oy_blue\"><\/i> <span>     Monitoring\r<\/span><\/li><li class=\"padding-bottom-1\"><i class=\"fa-solid fa-check oy_bigger_font_size text_oy_blue\"><\/i> <span>     Hardening\r<\/span><\/li><li class=\"padding-bottom-1\"><i class=\"fa-solid fa-check oy_bigger_font_size text_oy_blue\"><\/i> <span>     Updating\r<\/span><\/li><li class=\"padding-bottom-1\"><i class=\"fa-solid fa-check oy_bigger_font_size text_oy_blue\"><\/i> <span>     Disaster Recovery Redundancy (FKM, ODM, ODVM, GKM, DRS)\r<\/span><\/li><\/ul><\/div><\/div>\r\n\r\n<div class=\"cell auto small-12 margin-top-2\">\r\nof free and open-source server services.\r\n<\/div>\r\n \r\n<p> We offer a &#8220;complementary&#8221; service to institutions. Our colleagues within the institution can carry out the necessary work themselves and can request assistance from us only for the parts they cannot keep up with. <\/p>\r\n\r\n<p> With a single contract, you have the opportunity to benefit from our entire technology pool. For example, with the same agreement, you can receive PostgreSQL services, Jenkins services, and Redis services.<\/p>\r\n\r\n<p> You can find the list of free and open-source software that we provide services for in the <a class=\"display-inline text_oy_blue padding-0 font-bold\"  href=\"https:\/\/ozguryazilim.com.tr\/ozguryazilimv5\/teknolojilerimiz\/en\/\">Technologies<\/a> menu. <\/p>\r\n\r\n<\/div><\/div>","protected":false},"excerpt":{"rendered":"","protected":false},"author":1,"featured_media":0,"parent":67,"menu_order":0,"comment_status":"closed","ping_status":"closed","template":"","meta":{"footnotes":""},"_links":{"self":[{"href":"https:\/\/www.ozguryazilim.com.tr\/en\/wp-json\/wp\/v2\/pages\/2511"}],"collection":[{"href":"https:\/\/www.ozguryazilim.com.tr\/en\/wp-json\/wp\/v2\/pages"}],"about":[{"href":"https:\/\/www.ozguryazilim.com.tr\/en\/wp-json\/wp\/v2\/types\/page"}],"author":[{"embeddable":true,"href":"https:\/\/www.ozguryazilim.com.tr\/en\/wp-json\/wp\/v2\/users\/1"}],"replies":[{"embeddable":true,"href":"https:\/\/www.ozguryazilim.com.tr\/en\/wp-json\/wp\/v2\/comments?post=2511"}],"version-history":[{"count":4,"href":"https:\/\/www.ozguryazilim.com.tr\/en\/wp-json\/wp\/v2\/pages\/2511\/revisions"}],"predecessor-version":[{"id":2515,"href":"https:\/\/www.ozguryazilim.com.tr\/en\/wp-json\/wp\/v2\/pages\/2511\/revisions\/2515"}],"up":[{"embeddable":true,"href":"https:\/\/www.ozguryazilim.com.tr\/en\/wp-json\/wp\/v2\/pages\/67"}],"wp:attachment":[{"href":"https:\/\/www.ozguryazilim.com.tr\/en\/wp-json\/wp\/v2\/media?parent=2511"}],"curies":[{"name":"wp","href":"https:\/\/api.w.org\/{rel}","templated":true}]}}