 










{"id":2323,"date":"2024-02-29T07:56:52","date_gmt":"2024-02-29T07:56:52","guid":{"rendered":"https:\/\/www.ozguryazilim.com.tr\/?page_id=2323"},"modified":"2024-02-29T07:56:52","modified_gmt":"2024-02-29T07:56:52","slug":"kisisel-verilerin-korunmasi-ile-ilgili-talep-formu","status":"publish","type":"page","link":"https:\/\/www.ozguryazilim.com.tr\/en\/kisisel-verilerin-korunmasi-ile-ilgili-talep-formu\/","title":{"rendered":"(TR) Ki\u015fisel Verilerin Korunmas\u0131 ile \u0130lgili Talep Formu"},"content":{"rendered":"<p class=\"qtranxs-available-languages-message qtranxs-available-languages-message-en\">Sorry, this entry is only available in <a href=\"https:\/\/www.ozguryazilim.com.tr\/tr\/wp-json\/wp\/v2\/pages\/2323\" class=\"qtranxs-available-language-link qtranxs-available-language-link-tr\" title=\"TR\">Turkish<\/a>.<\/p>","protected":false},"excerpt":{"rendered":"","protected":false},"author":1,"featured_media":0,"parent":0,"menu_order":0,"comment_status":"closed","ping_status":"closed","template":"","meta":{"footnotes":""},"_links":{"self":[{"href":"https:\/\/www.ozguryazilim.com.tr\/en\/wp-json\/wp\/v2\/pages\/2323"}],"collection":[{"href":"https:\/\/www.ozguryazilim.com.tr\/en\/wp-json\/wp\/v2\/pages"}],"about":[{"href":"https:\/\/www.ozguryazilim.com.tr\/en\/wp-json\/wp\/v2\/types\/page"}],"author":[{"embeddable":true,"href":"https:\/\/www.ozguryazilim.com.tr\/en\/wp-json\/wp\/v2\/users\/1"}],"replies":[{"embeddable":true,"href":"https:\/\/www.ozguryazilim.com.tr\/en\/wp-json\/wp\/v2\/comments?post=2323"}],"version-history":[{"count":1,"href":"https:\/\/www.ozguryazilim.com.tr\/en\/wp-json\/wp\/v2\/pages\/2323\/revisions"}],"predecessor-version":[{"id":2324,"href":"https:\/\/www.ozguryazilim.com.tr\/en\/wp-json\/wp\/v2\/pages\/2323\/revisions\/2324"}],"wp:attachment":[{"href":"https:\/\/www.ozguryazilim.com.tr\/en\/wp-json\/wp\/v2\/media?parent=2323"}],"curies":[{"name":"wp","href":"https:\/\/api.w.org\/{rel}","templated":true}]}}