 










{"id":1461,"date":"2024-02-19T12:41:28","date_gmt":"2024-02-19T12:41:28","guid":{"rendered":"https:\/\/www.ozguryazilim.com.tr\/?page_id=1461"},"modified":"2024-02-22T07:51:02","modified_gmt":"2024-02-22T07:51:02","slug":"ozgur-yazilim-a-s-de-staj-yapanlar-ne-dusunuyor","status":"publish","type":"page","link":"https:\/\/www.ozguryazilim.com.tr\/en\/ozgur-yazilim-a-s-de-staj-yapanlar-ne-dusunuyor\/","title":{"rendered":"(TR) \u00d6zg\u00fcr Yaz\u0131l\u0131m A.\u015e.\u2019de Staj Yapanlar Ne D\u00fc\u015f\u00fcn\u00fcyor?"},"content":{"rendered":"<p class=\"qtranxs-available-languages-message qtranxs-available-languages-message-en\">Sorry, this entry is only available in <a href=\"https:\/\/www.ozguryazilim.com.tr\/tr\/wp-json\/wp\/v2\/pages\/1461\" class=\"qtranxs-available-language-link qtranxs-available-language-link-tr\" title=\"TR\">Turkish<\/a>.<\/p>","protected":false},"excerpt":{"rendered":"","protected":false},"author":1,"featured_media":0,"parent":0,"menu_order":0,"comment_status":"closed","ping_status":"closed","template":"","meta":{"footnotes":""},"_links":{"self":[{"href":"https:\/\/www.ozguryazilim.com.tr\/en\/wp-json\/wp\/v2\/pages\/1461"}],"collection":[{"href":"https:\/\/www.ozguryazilim.com.tr\/en\/wp-json\/wp\/v2\/pages"}],"about":[{"href":"https:\/\/www.ozguryazilim.com.tr\/en\/wp-json\/wp\/v2\/types\/page"}],"author":[{"embeddable":true,"href":"https:\/\/www.ozguryazilim.com.tr\/en\/wp-json\/wp\/v2\/users\/1"}],"replies":[{"embeddable":true,"href":"https:\/\/www.ozguryazilim.com.tr\/en\/wp-json\/wp\/v2\/comments?post=1461"}],"version-history":[{"count":7,"href":"https:\/\/www.ozguryazilim.com.tr\/en\/wp-json\/wp\/v2\/pages\/1461\/revisions"}],"predecessor-version":[{"id":1563,"href":"https:\/\/www.ozguryazilim.com.tr\/en\/wp-json\/wp\/v2\/pages\/1461\/revisions\/1563"}],"wp:attachment":[{"href":"https:\/\/www.ozguryazilim.com.tr\/en\/wp-json\/wp\/v2\/media?parent=1461"}],"curies":[{"name":"wp","href":"https:\/\/api.w.org\/{rel}","templated":true}]}}